{"id":904,"date":"2025-04-21T16:40:48","date_gmt":"2025-04-21T14:40:48","guid":{"rendered":"https:\/\/cb.mouchet.be\/suarlee\/?post_type=product&#038;p=904"},"modified":"2025-04-21T16:41:47","modified_gmt":"2025-04-21T14:41:47","slug":"tarte-cerise-crumble","status":"publish","type":"product","link":"https:\/\/cb.mouchet.be\/suarlee\/produit\/tarte-cerise-crumble\/","title":{"rendered":"TARTE CERISE CRUMBLE"},"content":{"rendered":"","protected":false},"excerpt":{"rendered":"<p>Tarte sans cro\u00fbte (fine pate en sous couche) avec cerises et petits cubles de crumble par-dessus (id\u00e9al pour les enfants qui n&rsquo;aiment pas les croutes)<\/p>\n","protected":false},"featured_media":948,"template":"","meta":{"site-sidebar-layout":"default","site-content-layout":"","ast-site-content-layout":"","site-content-style":"default","site-sidebar-style":"default","ast-global-header-display":"","ast-banner-title-visibility":"","ast-main-header-display":"","ast-hfb-above-header-display":"","ast-hfb-below-header-display":"","ast-hfb-mobile-header-display":"","site-post-title":"","ast-breadcrumbs-content":"","ast-featured-img":"","footer-sml-layout":"","theme-transparent-header-meta":"","adv-header-id-meta":"","stick-header-meta":"","header-above-stick-meta":"","header-main-stick-meta":"","header-below-stick-meta":"","astra-migrate-meta-layouts":"default","ast-page-background-enabled":"default","ast-page-background-meta":{"desktop":{"background-color":"var(--ast-global-color-5)","background-image":"","background-repeat":"repeat","background-position":"center center","background-size":"auto","background-attachment":"scroll","background-type":"","background-media":"","overlay-type":"","overlay-color":"","overlay-opacity":"","overlay-gradient":""},"tablet":{"background-color":"","background-image":"","background-repeat":"repeat","background-position":"center center","background-size":"auto","background-attachment":"scroll","background-type":"","background-media":"","overlay-type":"","overlay-color":"","overlay-opacity":"","overlay-gradient":""},"mobile":{"background-color":"","background-image":"","background-repeat":"repeat","background-position":"center center","background-size":"auto","background-attachment":"scroll","background-type":"","background-media":"","overlay-type":"","overlay-color":"","overlay-opacity":"","overlay-gradient":""}},"ast-content-background-meta":{"desktop":{"background-color":"var(--ast-global-color-4)","background-image":"","background-repeat":"repeat","background-position":"center center","background-size":"auto","background-attachment":"scroll","background-type":"","background-media":"","overlay-type":"","overlay-color":"","overlay-opacity":"","overlay-gradient":""},"tablet":{"background-color":"var(--ast-global-color-4)","background-image":"","background-repeat":"repeat","background-position":"center center","background-size":"auto","background-attachment":"scroll","background-type":"","background-media":"","overlay-type":"","overlay-color":"","overlay-opacity":"","overlay-gradient":""},"mobile":{"background-color":"var(--ast-global-color-4)","background-image":"","background-repeat":"repeat","background-position":"center center","background-size":"auto","background-attachment":"scroll","background-type":"","background-media":"","overlay-type":"","overlay-color":"","overlay-opacity":"","overlay-gradient":""}}},"product_brand":[],"product_cat":[55],"product_tag":[33,19,34,65],"class_list":{"0":"post-904","1":"product","2":"type-product","3":"status-publish","4":"has-post-thumbnail","6":"product_cat-tarterie","7":"product_tag-fruits-a-coque","8":"product_tag-gluten","9":"product_tag-lactose-2","10":"product_tag-oeufs","11":"desktop-align-left","12":"tablet-align-left","13":"mobile-align-left","15":"first","16":"instock","17":"shipping-taxable","18":"purchasable","19":"product-type-simple"},"yoast_head":"<!-- This site is optimized with the Yoast SEO plugin v25.0 - https:\/\/yoast.com\/wordpress\/plugins\/seo\/ -->\n<title>TARTE CERISE CRUMBLE - Carr\u00e9ment BON - Boutique de Suarl\u00e9e<\/title>\n<meta name=\"robots\" content=\"index, follow, max-snippet:-1, max-image-preview:large, max-video-preview:-1\" \/>\n<link rel=\"canonical\" href=\"https:\/\/cb.mouchet.be\/suarlee\/produit\/tarte-cerise-crumble\/\" \/>\n<meta property=\"og:locale\" content=\"fr_FR\" \/>\n<meta property=\"og:type\" content=\"article\" \/>\n<meta property=\"og:title\" content=\"TARTE CERISE CRUMBLE - Carr\u00e9ment BON - Boutique de Suarl\u00e9e\" \/>\n<meta property=\"og:description\" content=\"Tarte sans cro\u00fbte (fine pate en sous couche) avec cerises et petits cubles de crumble par-dessus (id\u00e9al pour les enfants qui n&#039;aiment pas les croutes)\" \/>\n<meta property=\"og:url\" content=\"https:\/\/cb.mouchet.be\/suarlee\/produit\/tarte-cerise-crumble\/\" \/>\n<meta property=\"og:site_name\" content=\"Carr\u00e9ment BON - Boutique de Suarl\u00e9e\" \/>\n<meta property=\"article:modified_time\" content=\"2025-04-21T14:41:47+00:00\" \/>\n<meta name=\"twitter:card\" content=\"summary_large_image\" \/>\n<script type=\"application\/ld+json\" class=\"yoast-schema-graph\">{\"@context\":\"https:\/\/schema.org\",\"@graph\":[{\"@type\":\"WebPage\",\"@id\":\"https:\/\/cb.mouchet.be\/suarlee\/produit\/tarte-cerise-crumble\/\",\"url\":\"https:\/\/cb.mouchet.be\/suarlee\/produit\/tarte-cerise-crumble\/\",\"name\":\"TARTE CERISE CRUMBLE - Carr\u00e9ment BON - Boutique de Suarl\u00e9e\",\"isPartOf\":{\"@id\":\"https:\/\/cb.mouchet.be\/suarlee\/#website\"},\"primaryImageOfPage\":{\"@id\":\"https:\/\/cb.mouchet.be\/suarlee\/produit\/tarte-cerise-crumble\/#primaryimage\"},\"image\":{\"@id\":\"https:\/\/cb.mouchet.be\/suarlee\/produit\/tarte-cerise-crumble\/#primaryimage\"},\"thumbnailUrl\":\"https:\/\/cb.mouchet.be\/suarlee\/wp-content\/uploads\/sites\/4\/2025\/04\/Crumble-e1742391371655.png\",\"datePublished\":\"2025-04-21T14:40:48+00:00\",\"dateModified\":\"2025-04-21T14:41:47+00:00\",\"breadcrumb\":{\"@id\":\"https:\/\/cb.mouchet.be\/suarlee\/produit\/tarte-cerise-crumble\/#breadcrumb\"},\"inLanguage\":\"fr-FR\",\"potentialAction\":[{\"@type\":\"ReadAction\",\"target\":[\"https:\/\/cb.mouchet.be\/suarlee\/produit\/tarte-cerise-crumble\/\"]}]},{\"@type\":\"ImageObject\",\"inLanguage\":\"fr-FR\",\"@id\":\"https:\/\/cb.mouchet.be\/suarlee\/produit\/tarte-cerise-crumble\/#primaryimage\",\"url\":\"https:\/\/cb.mouchet.be\/suarlee\/wp-content\/uploads\/sites\/4\/2025\/04\/Crumble-e1742391371655.png\",\"contentUrl\":\"https:\/\/cb.mouchet.be\/suarlee\/wp-content\/uploads\/sites\/4\/2025\/04\/Crumble-e1742391371655.png\",\"width\":866,\"height\":800},{\"@type\":\"BreadcrumbList\",\"@id\":\"https:\/\/cb.mouchet.be\/suarlee\/produit\/tarte-cerise-crumble\/#breadcrumb\",\"itemListElement\":[{\"@type\":\"ListItem\",\"position\":1,\"name\":\"Accueil\",\"item\":\"https:\/\/cb.mouchet.be\/suarlee\/\"},{\"@type\":\"ListItem\",\"position\":2,\"name\":\"TARTE CERISE CRUMBLE\"}]},{\"@type\":\"WebSite\",\"@id\":\"https:\/\/cb.mouchet.be\/suarlee\/#website\",\"url\":\"https:\/\/cb.mouchet.be\/suarlee\/\",\"name\":\"Carr\u00e9ment BON - Boutique de Suarl\u00e9e\",\"description\":\"Du rond, du bon, du carr\u00e9ment BON\",\"potentialAction\":[{\"@type\":\"SearchAction\",\"target\":{\"@type\":\"EntryPoint\",\"urlTemplate\":\"https:\/\/cb.mouchet.be\/suarlee\/?s={search_term_string}\"},\"query-input\":{\"@type\":\"PropertyValueSpecification\",\"valueRequired\":true,\"valueName\":\"search_term_string\"}}],\"inLanguage\":\"fr-FR\"}]}<\/script>\n<!-- \/ Yoast SEO plugin. -->","yoast_head_json":{"title":"TARTE CERISE CRUMBLE - Carr\u00e9ment BON - Boutique de Suarl\u00e9e","robots":{"index":"index","follow":"follow","max-snippet":"max-snippet:-1","max-image-preview":"max-image-preview:large","max-video-preview":"max-video-preview:-1"},"canonical":"https:\/\/cb.mouchet.be\/suarlee\/produit\/tarte-cerise-crumble\/","og_locale":"fr_FR","og_type":"article","og_title":"TARTE CERISE CRUMBLE - Carr\u00e9ment BON - Boutique de Suarl\u00e9e","og_description":"Tarte sans cro\u00fbte (fine pate en sous couche) avec cerises et petits cubles de crumble par-dessus (id\u00e9al pour les enfants qui n'aiment pas les croutes)","og_url":"https:\/\/cb.mouchet.be\/suarlee\/produit\/tarte-cerise-crumble\/","og_site_name":"Carr\u00e9ment BON - Boutique de Suarl\u00e9e","article_modified_time":"2025-04-21T14:41:47+00:00","twitter_card":"summary_large_image","schema":{"@context":"https:\/\/schema.org","@graph":[{"@type":"WebPage","@id":"https:\/\/cb.mouchet.be\/suarlee\/produit\/tarte-cerise-crumble\/","url":"https:\/\/cb.mouchet.be\/suarlee\/produit\/tarte-cerise-crumble\/","name":"TARTE CERISE CRUMBLE - Carr\u00e9ment BON - Boutique de Suarl\u00e9e","isPartOf":{"@id":"https:\/\/cb.mouchet.be\/suarlee\/#website"},"primaryImageOfPage":{"@id":"https:\/\/cb.mouchet.be\/suarlee\/produit\/tarte-cerise-crumble\/#primaryimage"},"image":{"@id":"https:\/\/cb.mouchet.be\/suarlee\/produit\/tarte-cerise-crumble\/#primaryimage"},"thumbnailUrl":"https:\/\/cb.mouchet.be\/suarlee\/wp-content\/uploads\/sites\/4\/2025\/04\/Crumble-e1742391371655.png","datePublished":"2025-04-21T14:40:48+00:00","dateModified":"2025-04-21T14:41:47+00:00","breadcrumb":{"@id":"https:\/\/cb.mouchet.be\/suarlee\/produit\/tarte-cerise-crumble\/#breadcrumb"},"inLanguage":"fr-FR","potentialAction":[{"@type":"ReadAction","target":["https:\/\/cb.mouchet.be\/suarlee\/produit\/tarte-cerise-crumble\/"]}]},{"@type":"ImageObject","inLanguage":"fr-FR","@id":"https:\/\/cb.mouchet.be\/suarlee\/produit\/tarte-cerise-crumble\/#primaryimage","url":"https:\/\/cb.mouchet.be\/suarlee\/wp-content\/uploads\/sites\/4\/2025\/04\/Crumble-e1742391371655.png","contentUrl":"https:\/\/cb.mouchet.be\/suarlee\/wp-content\/uploads\/sites\/4\/2025\/04\/Crumble-e1742391371655.png","width":866,"height":800},{"@type":"BreadcrumbList","@id":"https:\/\/cb.mouchet.be\/suarlee\/produit\/tarte-cerise-crumble\/#breadcrumb","itemListElement":[{"@type":"ListItem","position":1,"name":"Accueil","item":"https:\/\/cb.mouchet.be\/suarlee\/"},{"@type":"ListItem","position":2,"name":"TARTE CERISE CRUMBLE"}]},{"@type":"WebSite","@id":"https:\/\/cb.mouchet.be\/suarlee\/#website","url":"https:\/\/cb.mouchet.be\/suarlee\/","name":"Carr\u00e9ment BON - Boutique de Suarl\u00e9e","description":"Du rond, du bon, du carr\u00e9ment BON","potentialAction":[{"@type":"SearchAction","target":{"@type":"EntryPoint","urlTemplate":"https:\/\/cb.mouchet.be\/suarlee\/?s={search_term_string}"},"query-input":{"@type":"PropertyValueSpecification","valueRequired":true,"valueName":"search_term_string"}}],"inLanguage":"fr-FR"}]}},"_links":{"self":[{"href":"https:\/\/cb.mouchet.be\/suarlee\/wp-json\/wp\/v2\/product\/904","targetHints":{"allow":["GET"]}}],"collection":[{"href":"https:\/\/cb.mouchet.be\/suarlee\/wp-json\/wp\/v2\/product"}],"about":[{"href":"https:\/\/cb.mouchet.be\/suarlee\/wp-json\/wp\/v2\/types\/product"}],"wp:featuredmedia":[{"embeddable":true,"href":"https:\/\/cb.mouchet.be\/suarlee\/wp-json\/wp\/v2\/media\/948"}],"wp:attachment":[{"href":"https:\/\/cb.mouchet.be\/suarlee\/wp-json\/wp\/v2\/media?parent=904"}],"wp:term":[{"taxonomy":"product_brand","embeddable":true,"href":"https:\/\/cb.mouchet.be\/suarlee\/wp-json\/wp\/v2\/product_brand?post=904"},{"taxonomy":"product_cat","embeddable":true,"href":"https:\/\/cb.mouchet.be\/suarlee\/wp-json\/wp\/v2\/product_cat?post=904"},{"taxonomy":"product_tag","embeddable":true,"href":"https:\/\/cb.mouchet.be\/suarlee\/wp-json\/wp\/v2\/product_tag?post=904"}],"curies":[{"name":"wp","href":"https:\/\/api.w.org\/{rel}","templated":true}]}}