{"id":826,"date":"2025-04-21T16:39:36","date_gmt":"2025-04-21T14:39:36","guid":{"rendered":"https:\/\/cb.mouchet.be\/suarlee\/?post_type=product&#038;p=826"},"modified":"2025-04-22T16:53:15","modified_gmt":"2025-04-22T14:53:15","slug":"meule-blanc","status":"publish","type":"product","link":"https:\/\/cb.mouchet.be\/suarlee\/produit\/meule-blanc\/","title":{"rendered":"MEULE BLANC"},"content":{"rendered":"","protected":false},"excerpt":{"rendered":"<p>Pain blanc au levain naturel nourri quotidiennement. Ses longues heures de lente fermentation permettent de d\u00e9velopper de riches ar\u00f4mes, offrir une belle consistance et une mie a\u00e9r\u00e9e.<\/p>\n","protected":false},"featured_media":849,"template":"","meta":{"site-sidebar-layout":"default","site-content-layout":"","ast-site-content-layout":"default","site-content-style":"default","site-sidebar-style":"default","ast-global-header-display":"","ast-banner-title-visibility":"","ast-main-header-display":"","ast-hfb-above-header-display":"","ast-hfb-below-header-display":"","ast-hfb-mobile-header-display":"","site-post-title":"","ast-breadcrumbs-content":"","ast-featured-img":"","footer-sml-layout":"","theme-transparent-header-meta":"default","adv-header-id-meta":"","stick-header-meta":"","header-above-stick-meta":"","header-main-stick-meta":"","header-below-stick-meta":"","astra-migrate-meta-layouts":"set","ast-page-background-enabled":"default","ast-page-background-meta":{"desktop":{"background-color":"var(--ast-global-color-5)","background-image":"","background-repeat":"repeat","background-position":"center center","background-size":"auto","background-attachment":"scroll","background-type":"","background-media":"","overlay-type":"","overlay-color":"","overlay-opacity":"","overlay-gradient":""},"tablet":{"background-color":"","background-image":"","background-repeat":"repeat","background-position":"center center","background-size":"auto","background-attachment":"scroll","background-type":"","background-media":"","overlay-type":"","overlay-color":"","overlay-opacity":"","overlay-gradient":""},"mobile":{"background-color":"","background-image":"","background-repeat":"repeat","background-position":"center center","background-size":"auto","background-attachment":"scroll","background-type":"","background-media":"","overlay-type":"","overlay-color":"","overlay-opacity":"","overlay-gradient":""}},"ast-content-background-meta":{"desktop":{"background-color":"var(--ast-global-color-4)","background-image":"","background-repeat":"repeat","background-position":"center center","background-size":"auto","background-attachment":"scroll","background-type":"","background-media":"","overlay-type":"","overlay-color":"","overlay-opacity":"","overlay-gradient":""},"tablet":{"background-color":"var(--ast-global-color-4)","background-image":"","background-repeat":"repeat","background-position":"center center","background-size":"auto","background-attachment":"scroll","background-type":"","background-media":"","overlay-type":"","overlay-color":"","overlay-opacity":"","overlay-gradient":""},"mobile":{"background-color":"var(--ast-global-color-4)","background-image":"","background-repeat":"repeat","background-position":"center center","background-size":"auto","background-attachment":"scroll","background-type":"","background-media":"","overlay-type":"","overlay-color":"","overlay-opacity":"","overlay-gradient":""}}},"product_brand":[],"product_cat":[16],"product_tag":[19],"class_list":{"0":"post-826","1":"product","2":"type-product","3":"status-publish","4":"has-post-thumbnail","6":"product_cat-comptoir-du-pain","7":"product_tag-gluten","8":"desktop-align-left","9":"tablet-align-left","10":"mobile-align-left","12":"first","13":"onbackorder","14":"shipping-taxable","15":"purchasable","16":"product-type-variable","17":"has-default-attributes"},"yoast_head":"<!-- This site is optimized with the Yoast SEO plugin v25.0 - https:\/\/yoast.com\/wordpress\/plugins\/seo\/ -->\n<title>MEULE BLANC - Carr\u00e9ment BON - Boutique de Suarl\u00e9e<\/title>\n<meta name=\"robots\" content=\"index, follow, max-snippet:-1, max-image-preview:large, max-video-preview:-1\" \/>\n<link rel=\"canonical\" href=\"https:\/\/cb.mouchet.be\/suarlee\/produit\/meule-blanc\/\" \/>\n<meta property=\"og:locale\" content=\"fr_FR\" \/>\n<meta property=\"og:type\" content=\"article\" \/>\n<meta property=\"og:title\" content=\"MEULE BLANC - Carr\u00e9ment BON - Boutique de Suarl\u00e9e\" \/>\n<meta property=\"og:description\" content=\"Pain blanc au levain naturel nourri quotidiennement. Ses longues heures de lente fermentation permettent de d\u00e9velopper de riches ar\u00f4mes, offrir une belle consistance et une mie a\u00e9r\u00e9e.\" \/>\n<meta property=\"og:url\" content=\"https:\/\/cb.mouchet.be\/suarlee\/produit\/meule-blanc\/\" \/>\n<meta property=\"og:site_name\" content=\"Carr\u00e9ment BON - Boutique de Suarl\u00e9e\" \/>\n<meta property=\"article:modified_time\" content=\"2025-04-22T14:53:15+00:00\" \/>\n<meta property=\"og:image\" content=\"https:\/\/cb.mouchet.be\/suarlee\/wp-content\/uploads\/sites\/4\/2025\/04\/Meule-B-e1742550255278.png\" \/>\n\t<meta property=\"og:image:width\" content=\"693\" \/>\n\t<meta property=\"og:image:height\" content=\"720\" \/>\n\t<meta property=\"og:image:type\" content=\"image\/png\" \/>\n<meta name=\"twitter:card\" content=\"summary_large_image\" \/>\n<meta name=\"twitter:label1\" content=\"Dur\u00e9e de lecture estim\u00e9e\" \/>\n\t<meta name=\"twitter:data1\" content=\"1 minute\" \/>\n<script type=\"application\/ld+json\" class=\"yoast-schema-graph\">{\"@context\":\"https:\/\/schema.org\",\"@graph\":[{\"@type\":\"WebPage\",\"@id\":\"https:\/\/cb.mouchet.be\/suarlee\/produit\/meule-blanc\/\",\"url\":\"https:\/\/cb.mouchet.be\/suarlee\/produit\/meule-blanc\/\",\"name\":\"MEULE BLANC - Carr\u00e9ment BON - Boutique de Suarl\u00e9e\",\"isPartOf\":{\"@id\":\"https:\/\/cb.mouchet.be\/suarlee\/#website\"},\"primaryImageOfPage\":{\"@id\":\"https:\/\/cb.mouchet.be\/suarlee\/produit\/meule-blanc\/#primaryimage\"},\"image\":{\"@id\":\"https:\/\/cb.mouchet.be\/suarlee\/produit\/meule-blanc\/#primaryimage\"},\"thumbnailUrl\":\"https:\/\/cb.mouchet.be\/suarlee\/wp-content\/uploads\/sites\/4\/2025\/04\/Meule-B-e1742550255278.png\",\"datePublished\":\"2025-04-21T14:39:36+00:00\",\"dateModified\":\"2025-04-22T14:53:15+00:00\",\"breadcrumb\":{\"@id\":\"https:\/\/cb.mouchet.be\/suarlee\/produit\/meule-blanc\/#breadcrumb\"},\"inLanguage\":\"fr-FR\",\"potentialAction\":[{\"@type\":\"ReadAction\",\"target\":[\"https:\/\/cb.mouchet.be\/suarlee\/produit\/meule-blanc\/\"]}]},{\"@type\":\"ImageObject\",\"inLanguage\":\"fr-FR\",\"@id\":\"https:\/\/cb.mouchet.be\/suarlee\/produit\/meule-blanc\/#primaryimage\",\"url\":\"https:\/\/cb.mouchet.be\/suarlee\/wp-content\/uploads\/sites\/4\/2025\/04\/Meule-B-e1742550255278.png\",\"contentUrl\":\"https:\/\/cb.mouchet.be\/suarlee\/wp-content\/uploads\/sites\/4\/2025\/04\/Meule-B-e1742550255278.png\",\"width\":693,\"height\":720},{\"@type\":\"BreadcrumbList\",\"@id\":\"https:\/\/cb.mouchet.be\/suarlee\/produit\/meule-blanc\/#breadcrumb\",\"itemListElement\":[{\"@type\":\"ListItem\",\"position\":1,\"name\":\"Accueil\",\"item\":\"https:\/\/cb.mouchet.be\/suarlee\/\"},{\"@type\":\"ListItem\",\"position\":2,\"name\":\"MEULE BLANC\"}]},{\"@type\":\"WebSite\",\"@id\":\"https:\/\/cb.mouchet.be\/suarlee\/#website\",\"url\":\"https:\/\/cb.mouchet.be\/suarlee\/\",\"name\":\"Carr\u00e9ment BON - Boutique de Suarl\u00e9e\",\"description\":\"Du rond, du bon, du carr\u00e9ment BON\",\"potentialAction\":[{\"@type\":\"SearchAction\",\"target\":{\"@type\":\"EntryPoint\",\"urlTemplate\":\"https:\/\/cb.mouchet.be\/suarlee\/?s={search_term_string}\"},\"query-input\":{\"@type\":\"PropertyValueSpecification\",\"valueRequired\":true,\"valueName\":\"search_term_string\"}}],\"inLanguage\":\"fr-FR\"}]}<\/script>\n<!-- \/ Yoast SEO plugin. -->","yoast_head_json":{"title":"MEULE BLANC - Carr\u00e9ment BON - Boutique de Suarl\u00e9e","robots":{"index":"index","follow":"follow","max-snippet":"max-snippet:-1","max-image-preview":"max-image-preview:large","max-video-preview":"max-video-preview:-1"},"canonical":"https:\/\/cb.mouchet.be\/suarlee\/produit\/meule-blanc\/","og_locale":"fr_FR","og_type":"article","og_title":"MEULE BLANC - Carr\u00e9ment BON - Boutique de Suarl\u00e9e","og_description":"Pain blanc au levain naturel nourri quotidiennement. Ses longues heures de lente fermentation permettent de d\u00e9velopper de riches ar\u00f4mes, offrir une belle consistance et une mie a\u00e9r\u00e9e.","og_url":"https:\/\/cb.mouchet.be\/suarlee\/produit\/meule-blanc\/","og_site_name":"Carr\u00e9ment BON - Boutique de Suarl\u00e9e","article_modified_time":"2025-04-22T14:53:15+00:00","og_image":[{"width":693,"height":720,"url":"https:\/\/cb.mouchet.be\/suarlee\/wp-content\/uploads\/sites\/4\/2025\/04\/Meule-B-e1742550255278.png","type":"image\/png"}],"twitter_card":"summary_large_image","twitter_misc":{"Dur\u00e9e de lecture estim\u00e9e":"1 minute"},"schema":{"@context":"https:\/\/schema.org","@graph":[{"@type":"WebPage","@id":"https:\/\/cb.mouchet.be\/suarlee\/produit\/meule-blanc\/","url":"https:\/\/cb.mouchet.be\/suarlee\/produit\/meule-blanc\/","name":"MEULE BLANC - Carr\u00e9ment BON - Boutique de Suarl\u00e9e","isPartOf":{"@id":"https:\/\/cb.mouchet.be\/suarlee\/#website"},"primaryImageOfPage":{"@id":"https:\/\/cb.mouchet.be\/suarlee\/produit\/meule-blanc\/#primaryimage"},"image":{"@id":"https:\/\/cb.mouchet.be\/suarlee\/produit\/meule-blanc\/#primaryimage"},"thumbnailUrl":"https:\/\/cb.mouchet.be\/suarlee\/wp-content\/uploads\/sites\/4\/2025\/04\/Meule-B-e1742550255278.png","datePublished":"2025-04-21T14:39:36+00:00","dateModified":"2025-04-22T14:53:15+00:00","breadcrumb":{"@id":"https:\/\/cb.mouchet.be\/suarlee\/produit\/meule-blanc\/#breadcrumb"},"inLanguage":"fr-FR","potentialAction":[{"@type":"ReadAction","target":["https:\/\/cb.mouchet.be\/suarlee\/produit\/meule-blanc\/"]}]},{"@type":"ImageObject","inLanguage":"fr-FR","@id":"https:\/\/cb.mouchet.be\/suarlee\/produit\/meule-blanc\/#primaryimage","url":"https:\/\/cb.mouchet.be\/suarlee\/wp-content\/uploads\/sites\/4\/2025\/04\/Meule-B-e1742550255278.png","contentUrl":"https:\/\/cb.mouchet.be\/suarlee\/wp-content\/uploads\/sites\/4\/2025\/04\/Meule-B-e1742550255278.png","width":693,"height":720},{"@type":"BreadcrumbList","@id":"https:\/\/cb.mouchet.be\/suarlee\/produit\/meule-blanc\/#breadcrumb","itemListElement":[{"@type":"ListItem","position":1,"name":"Accueil","item":"https:\/\/cb.mouchet.be\/suarlee\/"},{"@type":"ListItem","position":2,"name":"MEULE BLANC"}]},{"@type":"WebSite","@id":"https:\/\/cb.mouchet.be\/suarlee\/#website","url":"https:\/\/cb.mouchet.be\/suarlee\/","name":"Carr\u00e9ment BON - Boutique de Suarl\u00e9e","description":"Du rond, du bon, du carr\u00e9ment BON","potentialAction":[{"@type":"SearchAction","target":{"@type":"EntryPoint","urlTemplate":"https:\/\/cb.mouchet.be\/suarlee\/?s={search_term_string}"},"query-input":{"@type":"PropertyValueSpecification","valueRequired":true,"valueName":"search_term_string"}}],"inLanguage":"fr-FR"}]}},"_links":{"self":[{"href":"https:\/\/cb.mouchet.be\/suarlee\/wp-json\/wp\/v2\/product\/826","targetHints":{"allow":["GET"]}}],"collection":[{"href":"https:\/\/cb.mouchet.be\/suarlee\/wp-json\/wp\/v2\/product"}],"about":[{"href":"https:\/\/cb.mouchet.be\/suarlee\/wp-json\/wp\/v2\/types\/product"}],"wp:featuredmedia":[{"embeddable":true,"href":"https:\/\/cb.mouchet.be\/suarlee\/wp-json\/wp\/v2\/media\/849"}],"wp:attachment":[{"href":"https:\/\/cb.mouchet.be\/suarlee\/wp-json\/wp\/v2\/media?parent=826"}],"wp:term":[{"taxonomy":"product_brand","embeddable":true,"href":"https:\/\/cb.mouchet.be\/suarlee\/wp-json\/wp\/v2\/product_brand?post=826"},{"taxonomy":"product_cat","embeddable":true,"href":"https:\/\/cb.mouchet.be\/suarlee\/wp-json\/wp\/v2\/product_cat?post=826"},{"taxonomy":"product_tag","embeddable":true,"href":"https:\/\/cb.mouchet.be\/suarlee\/wp-json\/wp\/v2\/product_tag?post=826"}],"curies":[{"name":"wp","href":"https:\/\/api.w.org\/{rel}","templated":true}]}}