{"id":778,"date":"2025-04-21T16:16:30","date_gmt":"2025-04-21T14:16:30","guid":{"rendered":"https:\/\/cb.mouchet.be\/suarlee\/?post_type=product&#038;p=778"},"modified":"2025-04-21T16:40:01","modified_gmt":"2025-04-21T14:40:01","slug":"meteil-blanc","status":"publish","type":"product","link":"https:\/\/cb.mouchet.be\/suarlee\/produit\/meteil-blanc\/","title":{"rendered":"M\u00c9TEIL BLANC"},"content":{"rendered":"","protected":false},"excerpt":{"rendered":"<p>Pain blanc au levain naturel compos\u00e9 de farine de froment et d&rsquo;un peu de farine de seigle. L&rsquo;utilisation du levain rend sa cro\u00fbte croustillante et ses ar\u00f4mes bien d\u00e9velopp\u00e9s. Le levain est subtilement dos\u00e9 pour ne pas accentuer la sensation de s\u00fbret<\/p>\n","protected":false},"featured_media":805,"template":"","meta":{"site-sidebar-layout":"default","site-content-layout":"","ast-site-content-layout":"","site-content-style":"default","site-sidebar-style":"default","ast-global-header-display":"","ast-banner-title-visibility":"","ast-main-header-display":"","ast-hfb-above-header-display":"","ast-hfb-below-header-display":"","ast-hfb-mobile-header-display":"","site-post-title":"","ast-breadcrumbs-content":"","ast-featured-img":"","footer-sml-layout":"","theme-transparent-header-meta":"","adv-header-id-meta":"","stick-header-meta":"","header-above-stick-meta":"","header-main-stick-meta":"","header-below-stick-meta":"","astra-migrate-meta-layouts":"default","ast-page-background-enabled":"default","ast-page-background-meta":{"desktop":{"background-color":"var(--ast-global-color-5)","background-image":"","background-repeat":"repeat","background-position":"center center","background-size":"auto","background-attachment":"scroll","background-type":"","background-media":"","overlay-type":"","overlay-color":"","overlay-opacity":"","overlay-gradient":""},"tablet":{"background-color":"","background-image":"","background-repeat":"repeat","background-position":"center center","background-size":"auto","background-attachment":"scroll","background-type":"","background-media":"","overlay-type":"","overlay-color":"","overlay-opacity":"","overlay-gradient":""},"mobile":{"background-color":"","background-image":"","background-repeat":"repeat","background-position":"center center","background-size":"auto","background-attachment":"scroll","background-type":"","background-media":"","overlay-type":"","overlay-color":"","overlay-opacity":"","overlay-gradient":""}},"ast-content-background-meta":{"desktop":{"background-color":"var(--ast-global-color-4)","background-image":"","background-repeat":"repeat","background-position":"center center","background-size":"auto","background-attachment":"scroll","background-type":"","background-media":"","overlay-type":"","overlay-color":"","overlay-opacity":"","overlay-gradient":""},"tablet":{"background-color":"var(--ast-global-color-4)","background-image":"","background-repeat":"repeat","background-position":"center center","background-size":"auto","background-attachment":"scroll","background-type":"","background-media":"","overlay-type":"","overlay-color":"","overlay-opacity":"","overlay-gradient":""},"mobile":{"background-color":"var(--ast-global-color-4)","background-image":"","background-repeat":"repeat","background-position":"center center","background-size":"auto","background-attachment":"scroll","background-type":"","background-media":"","overlay-type":"","overlay-color":"","overlay-opacity":"","overlay-gradient":""}}},"product_brand":[],"product_cat":[16],"product_tag":[],"class_list":{"0":"post-778","1":"product","2":"type-product","3":"status-publish","4":"has-post-thumbnail","6":"product_cat-comptoir-du-pain","7":"desktop-align-left","8":"tablet-align-left","9":"mobile-align-left","11":"first","12":"instock","13":"shipping-taxable","14":"purchasable","15":"product-type-variable","16":"has-default-attributes"},"yoast_head":"<!-- This site is optimized with the Yoast SEO plugin v25.0 - https:\/\/yoast.com\/wordpress\/plugins\/seo\/ -->\n<title>M\u00c9TEIL BLANC - Carr\u00e9ment BON - Boutique de Suarl\u00e9e<\/title>\n<meta name=\"robots\" content=\"index, follow, max-snippet:-1, max-image-preview:large, max-video-preview:-1\" \/>\n<link rel=\"canonical\" href=\"https:\/\/cb.mouchet.be\/suarlee\/produit\/meteil-blanc\/\" \/>\n<meta property=\"og:locale\" content=\"fr_FR\" \/>\n<meta property=\"og:type\" content=\"article\" \/>\n<meta property=\"og:title\" content=\"M\u00c9TEIL BLANC - Carr\u00e9ment BON - Boutique de Suarl\u00e9e\" \/>\n<meta property=\"og:description\" content=\"Pain blanc au levain naturel compos\u00e9 de farine de froment et d&#039;un peu de farine de seigle. L&#039;utilisation du levain rend sa cro\u00fbte croustillante et ses ar\u00f4mes bien d\u00e9velopp\u00e9s. Le levain est subtilement dos\u00e9 pour ne pas accentuer la sensation de s\u00fbret\" \/>\n<meta property=\"og:url\" content=\"https:\/\/cb.mouchet.be\/suarlee\/produit\/meteil-blanc\/\" \/>\n<meta property=\"og:site_name\" content=\"Carr\u00e9ment BON - Boutique de Suarl\u00e9e\" \/>\n<meta property=\"article:modified_time\" content=\"2025-04-21T14:40:01+00:00\" \/>\n<meta name=\"twitter:card\" content=\"summary_large_image\" \/>\n<script type=\"application\/ld+json\" class=\"yoast-schema-graph\">{\"@context\":\"https:\/\/schema.org\",\"@graph\":[{\"@type\":\"WebPage\",\"@id\":\"https:\/\/cb.mouchet.be\/suarlee\/produit\/meteil-blanc\/\",\"url\":\"https:\/\/cb.mouchet.be\/suarlee\/produit\/meteil-blanc\/\",\"name\":\"M\u00c9TEIL BLANC - Carr\u00e9ment BON - Boutique de Suarl\u00e9e\",\"isPartOf\":{\"@id\":\"https:\/\/cb.mouchet.be\/suarlee\/#website\"},\"primaryImageOfPage\":{\"@id\":\"https:\/\/cb.mouchet.be\/suarlee\/produit\/meteil-blanc\/#primaryimage\"},\"image\":{\"@id\":\"https:\/\/cb.mouchet.be\/suarlee\/produit\/meteil-blanc\/#primaryimage\"},\"thumbnailUrl\":\"https:\/\/cb.mouchet.be\/suarlee\/wp-content\/uploads\/sites\/4\/2025\/04\/Meteil-B-2-e1742550493419.png\",\"datePublished\":\"2025-04-21T14:16:30+00:00\",\"dateModified\":\"2025-04-21T14:40:01+00:00\",\"breadcrumb\":{\"@id\":\"https:\/\/cb.mouchet.be\/suarlee\/produit\/meteil-blanc\/#breadcrumb\"},\"inLanguage\":\"fr-FR\",\"potentialAction\":[{\"@type\":\"ReadAction\",\"target\":[\"https:\/\/cb.mouchet.be\/suarlee\/produit\/meteil-blanc\/\"]}]},{\"@type\":\"ImageObject\",\"inLanguage\":\"fr-FR\",\"@id\":\"https:\/\/cb.mouchet.be\/suarlee\/produit\/meteil-blanc\/#primaryimage\",\"url\":\"https:\/\/cb.mouchet.be\/suarlee\/wp-content\/uploads\/sites\/4\/2025\/04\/Meteil-B-2-e1742550493419.png\",\"contentUrl\":\"https:\/\/cb.mouchet.be\/suarlee\/wp-content\/uploads\/sites\/4\/2025\/04\/Meteil-B-2-e1742550493419.png\",\"width\":890,\"height\":693},{\"@type\":\"BreadcrumbList\",\"@id\":\"https:\/\/cb.mouchet.be\/suarlee\/produit\/meteil-blanc\/#breadcrumb\",\"itemListElement\":[{\"@type\":\"ListItem\",\"position\":1,\"name\":\"Accueil\",\"item\":\"https:\/\/cb.mouchet.be\/suarlee\/\"},{\"@type\":\"ListItem\",\"position\":2,\"name\":\"M\u00c9TEIL BLANC\"}]},{\"@type\":\"WebSite\",\"@id\":\"https:\/\/cb.mouchet.be\/suarlee\/#website\",\"url\":\"https:\/\/cb.mouchet.be\/suarlee\/\",\"name\":\"Carr\u00e9ment BON - Boutique de Suarl\u00e9e\",\"description\":\"Du rond, du bon, du carr\u00e9ment BON\",\"potentialAction\":[{\"@type\":\"SearchAction\",\"target\":{\"@type\":\"EntryPoint\",\"urlTemplate\":\"https:\/\/cb.mouchet.be\/suarlee\/?s={search_term_string}\"},\"query-input\":{\"@type\":\"PropertyValueSpecification\",\"valueRequired\":true,\"valueName\":\"search_term_string\"}}],\"inLanguage\":\"fr-FR\"}]}<\/script>\n<!-- \/ Yoast SEO plugin. -->","yoast_head_json":{"title":"M\u00c9TEIL BLANC - Carr\u00e9ment BON - Boutique de Suarl\u00e9e","robots":{"index":"index","follow":"follow","max-snippet":"max-snippet:-1","max-image-preview":"max-image-preview:large","max-video-preview":"max-video-preview:-1"},"canonical":"https:\/\/cb.mouchet.be\/suarlee\/produit\/meteil-blanc\/","og_locale":"fr_FR","og_type":"article","og_title":"M\u00c9TEIL BLANC - Carr\u00e9ment BON - Boutique de Suarl\u00e9e","og_description":"Pain blanc au levain naturel compos\u00e9 de farine de froment et d'un peu de farine de seigle. L'utilisation du levain rend sa cro\u00fbte croustillante et ses ar\u00f4mes bien d\u00e9velopp\u00e9s. Le levain est subtilement dos\u00e9 pour ne pas accentuer la sensation de s\u00fbret","og_url":"https:\/\/cb.mouchet.be\/suarlee\/produit\/meteil-blanc\/","og_site_name":"Carr\u00e9ment BON - Boutique de Suarl\u00e9e","article_modified_time":"2025-04-21T14:40:01+00:00","twitter_card":"summary_large_image","schema":{"@context":"https:\/\/schema.org","@graph":[{"@type":"WebPage","@id":"https:\/\/cb.mouchet.be\/suarlee\/produit\/meteil-blanc\/","url":"https:\/\/cb.mouchet.be\/suarlee\/produit\/meteil-blanc\/","name":"M\u00c9TEIL BLANC - Carr\u00e9ment BON - Boutique de Suarl\u00e9e","isPartOf":{"@id":"https:\/\/cb.mouchet.be\/suarlee\/#website"},"primaryImageOfPage":{"@id":"https:\/\/cb.mouchet.be\/suarlee\/produit\/meteil-blanc\/#primaryimage"},"image":{"@id":"https:\/\/cb.mouchet.be\/suarlee\/produit\/meteil-blanc\/#primaryimage"},"thumbnailUrl":"https:\/\/cb.mouchet.be\/suarlee\/wp-content\/uploads\/sites\/4\/2025\/04\/Meteil-B-2-e1742550493419.png","datePublished":"2025-04-21T14:16:30+00:00","dateModified":"2025-04-21T14:40:01+00:00","breadcrumb":{"@id":"https:\/\/cb.mouchet.be\/suarlee\/produit\/meteil-blanc\/#breadcrumb"},"inLanguage":"fr-FR","potentialAction":[{"@type":"ReadAction","target":["https:\/\/cb.mouchet.be\/suarlee\/produit\/meteil-blanc\/"]}]},{"@type":"ImageObject","inLanguage":"fr-FR","@id":"https:\/\/cb.mouchet.be\/suarlee\/produit\/meteil-blanc\/#primaryimage","url":"https:\/\/cb.mouchet.be\/suarlee\/wp-content\/uploads\/sites\/4\/2025\/04\/Meteil-B-2-e1742550493419.png","contentUrl":"https:\/\/cb.mouchet.be\/suarlee\/wp-content\/uploads\/sites\/4\/2025\/04\/Meteil-B-2-e1742550493419.png","width":890,"height":693},{"@type":"BreadcrumbList","@id":"https:\/\/cb.mouchet.be\/suarlee\/produit\/meteil-blanc\/#breadcrumb","itemListElement":[{"@type":"ListItem","position":1,"name":"Accueil","item":"https:\/\/cb.mouchet.be\/suarlee\/"},{"@type":"ListItem","position":2,"name":"M\u00c9TEIL BLANC"}]},{"@type":"WebSite","@id":"https:\/\/cb.mouchet.be\/suarlee\/#website","url":"https:\/\/cb.mouchet.be\/suarlee\/","name":"Carr\u00e9ment BON - Boutique de Suarl\u00e9e","description":"Du rond, du bon, du carr\u00e9ment BON","potentialAction":[{"@type":"SearchAction","target":{"@type":"EntryPoint","urlTemplate":"https:\/\/cb.mouchet.be\/suarlee\/?s={search_term_string}"},"query-input":{"@type":"PropertyValueSpecification","valueRequired":true,"valueName":"search_term_string"}}],"inLanguage":"fr-FR"}]}},"_links":{"self":[{"href":"https:\/\/cb.mouchet.be\/suarlee\/wp-json\/wp\/v2\/product\/778","targetHints":{"allow":["GET"]}}],"collection":[{"href":"https:\/\/cb.mouchet.be\/suarlee\/wp-json\/wp\/v2\/product"}],"about":[{"href":"https:\/\/cb.mouchet.be\/suarlee\/wp-json\/wp\/v2\/types\/product"}],"wp:featuredmedia":[{"embeddable":true,"href":"https:\/\/cb.mouchet.be\/suarlee\/wp-json\/wp\/v2\/media\/805"}],"wp:attachment":[{"href":"https:\/\/cb.mouchet.be\/suarlee\/wp-json\/wp\/v2\/media?parent=778"}],"wp:term":[{"taxonomy":"product_brand","embeddable":true,"href":"https:\/\/cb.mouchet.be\/suarlee\/wp-json\/wp\/v2\/product_brand?post=778"},{"taxonomy":"product_cat","embeddable":true,"href":"https:\/\/cb.mouchet.be\/suarlee\/wp-json\/wp\/v2\/product_cat?post=778"},{"taxonomy":"product_tag","embeddable":true,"href":"https:\/\/cb.mouchet.be\/suarlee\/wp-json\/wp\/v2\/product_tag?post=778"}],"curies":[{"name":"wp","href":"https:\/\/api.w.org\/{rel}","templated":true}]}}