{"id":751,"date":"2025-04-21T16:16:05","date_gmt":"2025-04-21T14:16:05","guid":{"rendered":"https:\/\/cb.mouchet.be\/suarlee\/?post_type=product&#038;p=751"},"modified":"2025-04-22T16:53:15","modified_gmt":"2025-04-22T14:53:15","slug":"vivaldi","status":"publish","type":"product","link":"https:\/\/cb.mouchet.be\/suarlee\/produit\/vivaldi\/","title":{"rendered":"VIVALDI"},"content":{"rendered":"","protected":false},"excerpt":{"rendered":"<p>Pain gris multi-c\u00e9r\u00e9ales au levain naturel nourri quotidiennement. Il profite de longues heures de lente fermentation et est compos\u00e9 essentiellement de farine de froment, seigle, d\u2019orge et de graines torr\u00e9fi\u00e9es (soja, lin, tournesol et s\u00e9same).<\/p>\n","protected":false},"featured_media":765,"template":"","meta":{"site-sidebar-layout":"default","site-content-layout":"","ast-site-content-layout":"default","site-content-style":"default","site-sidebar-style":"default","ast-global-header-display":"","ast-banner-title-visibility":"","ast-main-header-display":"","ast-hfb-above-header-display":"","ast-hfb-below-header-display":"","ast-hfb-mobile-header-display":"","site-post-title":"","ast-breadcrumbs-content":"","ast-featured-img":"","footer-sml-layout":"","theme-transparent-header-meta":"default","adv-header-id-meta":"","stick-header-meta":"","header-above-stick-meta":"","header-main-stick-meta":"","header-below-stick-meta":"","astra-migrate-meta-layouts":"set","ast-page-background-enabled":"default","ast-page-background-meta":{"desktop":{"background-color":"var(--ast-global-color-5)","background-image":"","background-repeat":"repeat","background-position":"center center","background-size":"auto","background-attachment":"scroll","background-type":"","background-media":"","overlay-type":"","overlay-color":"","overlay-opacity":"","overlay-gradient":""},"tablet":{"background-color":"","background-image":"","background-repeat":"repeat","background-position":"center center","background-size":"auto","background-attachment":"scroll","background-type":"","background-media":"","overlay-type":"","overlay-color":"","overlay-opacity":"","overlay-gradient":""},"mobile":{"background-color":"","background-image":"","background-repeat":"repeat","background-position":"center center","background-size":"auto","background-attachment":"scroll","background-type":"","background-media":"","overlay-type":"","overlay-color":"","overlay-opacity":"","overlay-gradient":""}},"ast-content-background-meta":{"desktop":{"background-color":"var(--ast-global-color-4)","background-image":"","background-repeat":"repeat","background-position":"center center","background-size":"auto","background-attachment":"scroll","background-type":"","background-media":"","overlay-type":"","overlay-color":"","overlay-opacity":"","overlay-gradient":""},"tablet":{"background-color":"var(--ast-global-color-4)","background-image":"","background-repeat":"repeat","background-position":"center center","background-size":"auto","background-attachment":"scroll","background-type":"","background-media":"","overlay-type":"","overlay-color":"","overlay-opacity":"","overlay-gradient":""},"mobile":{"background-color":"var(--ast-global-color-4)","background-image":"","background-repeat":"repeat","background-position":"center center","background-size":"auto","background-attachment":"scroll","background-type":"","background-media":"","overlay-type":"","overlay-color":"","overlay-opacity":"","overlay-gradient":""}}},"product_brand":[],"product_cat":[16],"product_tag":[19,20,21],"class_list":{"0":"post-751","1":"product","2":"type-product","3":"status-publish","4":"has-post-thumbnail","6":"product_cat-comptoir-du-pain","7":"product_tag-gluten","8":"product_tag-sesame","9":"product_tag-soja","10":"desktop-align-left","11":"tablet-align-left","12":"mobile-align-left","14":"first","15":"outofstock","16":"shipping-taxable","17":"purchasable","18":"product-type-variable","19":"has-default-attributes"},"yoast_head":"<!-- This site is optimized with the Yoast SEO plugin v25.0 - https:\/\/yoast.com\/wordpress\/plugins\/seo\/ -->\n<title>VIVALDI - Carr\u00e9ment BON - Boutique de Suarl\u00e9e<\/title>\n<meta name=\"robots\" content=\"index, follow, max-snippet:-1, max-image-preview:large, max-video-preview:-1\" \/>\n<link rel=\"canonical\" href=\"https:\/\/cb.mouchet.be\/suarlee\/produit\/vivaldi\/\" \/>\n<meta property=\"og:locale\" content=\"fr_FR\" \/>\n<meta property=\"og:type\" content=\"article\" \/>\n<meta property=\"og:title\" content=\"VIVALDI - Carr\u00e9ment BON - Boutique de Suarl\u00e9e\" \/>\n<meta property=\"og:description\" content=\"Pain gris multi-c\u00e9r\u00e9ales au levain naturel nourri quotidiennement. Il profite de longues heures de lente fermentation et est compos\u00e9 essentiellement de farine de froment, seigle, d\u2019orge et de graines torr\u00e9fi\u00e9es (soja, lin, tournesol et s\u00e9same).\" \/>\n<meta property=\"og:url\" content=\"https:\/\/cb.mouchet.be\/suarlee\/produit\/vivaldi\/\" \/>\n<meta property=\"og:site_name\" content=\"Carr\u00e9ment BON - Boutique de Suarl\u00e9e\" \/>\n<meta property=\"article:modified_time\" content=\"2025-04-22T14:53:15+00:00\" \/>\n<meta property=\"og:image\" content=\"https:\/\/cb.mouchet.be\/suarlee\/wp-content\/uploads\/sites\/4\/2025\/04\/Vivaldi-2-e1742550667759.png\" \/>\n\t<meta property=\"og:image:width\" content=\"767\" \/>\n\t<meta property=\"og:image:height\" content=\"682\" \/>\n\t<meta property=\"og:image:type\" content=\"image\/png\" \/>\n<meta name=\"twitter:card\" content=\"summary_large_image\" \/>\n<meta name=\"twitter:label1\" content=\"Dur\u00e9e de lecture estim\u00e9e\" \/>\n\t<meta name=\"twitter:data1\" content=\"1 minute\" \/>\n<script type=\"application\/ld+json\" class=\"yoast-schema-graph\">{\"@context\":\"https:\/\/schema.org\",\"@graph\":[{\"@type\":\"WebPage\",\"@id\":\"https:\/\/cb.mouchet.be\/suarlee\/produit\/vivaldi\/\",\"url\":\"https:\/\/cb.mouchet.be\/suarlee\/produit\/vivaldi\/\",\"name\":\"VIVALDI - Carr\u00e9ment BON - Boutique de Suarl\u00e9e\",\"isPartOf\":{\"@id\":\"https:\/\/cb.mouchet.be\/suarlee\/#website\"},\"primaryImageOfPage\":{\"@id\":\"https:\/\/cb.mouchet.be\/suarlee\/produit\/vivaldi\/#primaryimage\"},\"image\":{\"@id\":\"https:\/\/cb.mouchet.be\/suarlee\/produit\/vivaldi\/#primaryimage\"},\"thumbnailUrl\":\"https:\/\/cb.mouchet.be\/suarlee\/wp-content\/uploads\/sites\/4\/2025\/04\/Vivaldi-2-e1742550667759.png\",\"datePublished\":\"2025-04-21T14:16:05+00:00\",\"dateModified\":\"2025-04-22T14:53:15+00:00\",\"breadcrumb\":{\"@id\":\"https:\/\/cb.mouchet.be\/suarlee\/produit\/vivaldi\/#breadcrumb\"},\"inLanguage\":\"fr-FR\",\"potentialAction\":[{\"@type\":\"ReadAction\",\"target\":[\"https:\/\/cb.mouchet.be\/suarlee\/produit\/vivaldi\/\"]}]},{\"@type\":\"ImageObject\",\"inLanguage\":\"fr-FR\",\"@id\":\"https:\/\/cb.mouchet.be\/suarlee\/produit\/vivaldi\/#primaryimage\",\"url\":\"https:\/\/cb.mouchet.be\/suarlee\/wp-content\/uploads\/sites\/4\/2025\/04\/Vivaldi-2-e1742550667759.png\",\"contentUrl\":\"https:\/\/cb.mouchet.be\/suarlee\/wp-content\/uploads\/sites\/4\/2025\/04\/Vivaldi-2-e1742550667759.png\",\"width\":767,\"height\":682},{\"@type\":\"BreadcrumbList\",\"@id\":\"https:\/\/cb.mouchet.be\/suarlee\/produit\/vivaldi\/#breadcrumb\",\"itemListElement\":[{\"@type\":\"ListItem\",\"position\":1,\"name\":\"Accueil\",\"item\":\"https:\/\/cb.mouchet.be\/suarlee\/\"},{\"@type\":\"ListItem\",\"position\":2,\"name\":\"VIVALDI\"}]},{\"@type\":\"WebSite\",\"@id\":\"https:\/\/cb.mouchet.be\/suarlee\/#website\",\"url\":\"https:\/\/cb.mouchet.be\/suarlee\/\",\"name\":\"Carr\u00e9ment BON - Boutique de Suarl\u00e9e\",\"description\":\"Du rond, du bon, du carr\u00e9ment BON\",\"potentialAction\":[{\"@type\":\"SearchAction\",\"target\":{\"@type\":\"EntryPoint\",\"urlTemplate\":\"https:\/\/cb.mouchet.be\/suarlee\/?s={search_term_string}\"},\"query-input\":{\"@type\":\"PropertyValueSpecification\",\"valueRequired\":true,\"valueName\":\"search_term_string\"}}],\"inLanguage\":\"fr-FR\"}]}<\/script>\n<!-- \/ Yoast SEO plugin. -->","yoast_head_json":{"title":"VIVALDI - Carr\u00e9ment BON - Boutique de Suarl\u00e9e","robots":{"index":"index","follow":"follow","max-snippet":"max-snippet:-1","max-image-preview":"max-image-preview:large","max-video-preview":"max-video-preview:-1"},"canonical":"https:\/\/cb.mouchet.be\/suarlee\/produit\/vivaldi\/","og_locale":"fr_FR","og_type":"article","og_title":"VIVALDI - Carr\u00e9ment BON - Boutique de Suarl\u00e9e","og_description":"Pain gris multi-c\u00e9r\u00e9ales au levain naturel nourri quotidiennement. Il profite de longues heures de lente fermentation et est compos\u00e9 essentiellement de farine de froment, seigle, d\u2019orge et de graines torr\u00e9fi\u00e9es (soja, lin, tournesol et s\u00e9same).","og_url":"https:\/\/cb.mouchet.be\/suarlee\/produit\/vivaldi\/","og_site_name":"Carr\u00e9ment BON - Boutique de Suarl\u00e9e","article_modified_time":"2025-04-22T14:53:15+00:00","og_image":[{"width":767,"height":682,"url":"https:\/\/cb.mouchet.be\/suarlee\/wp-content\/uploads\/sites\/4\/2025\/04\/Vivaldi-2-e1742550667759.png","type":"image\/png"}],"twitter_card":"summary_large_image","twitter_misc":{"Dur\u00e9e de lecture estim\u00e9e":"1 minute"},"schema":{"@context":"https:\/\/schema.org","@graph":[{"@type":"WebPage","@id":"https:\/\/cb.mouchet.be\/suarlee\/produit\/vivaldi\/","url":"https:\/\/cb.mouchet.be\/suarlee\/produit\/vivaldi\/","name":"VIVALDI - Carr\u00e9ment BON - Boutique de Suarl\u00e9e","isPartOf":{"@id":"https:\/\/cb.mouchet.be\/suarlee\/#website"},"primaryImageOfPage":{"@id":"https:\/\/cb.mouchet.be\/suarlee\/produit\/vivaldi\/#primaryimage"},"image":{"@id":"https:\/\/cb.mouchet.be\/suarlee\/produit\/vivaldi\/#primaryimage"},"thumbnailUrl":"https:\/\/cb.mouchet.be\/suarlee\/wp-content\/uploads\/sites\/4\/2025\/04\/Vivaldi-2-e1742550667759.png","datePublished":"2025-04-21T14:16:05+00:00","dateModified":"2025-04-22T14:53:15+00:00","breadcrumb":{"@id":"https:\/\/cb.mouchet.be\/suarlee\/produit\/vivaldi\/#breadcrumb"},"inLanguage":"fr-FR","potentialAction":[{"@type":"ReadAction","target":["https:\/\/cb.mouchet.be\/suarlee\/produit\/vivaldi\/"]}]},{"@type":"ImageObject","inLanguage":"fr-FR","@id":"https:\/\/cb.mouchet.be\/suarlee\/produit\/vivaldi\/#primaryimage","url":"https:\/\/cb.mouchet.be\/suarlee\/wp-content\/uploads\/sites\/4\/2025\/04\/Vivaldi-2-e1742550667759.png","contentUrl":"https:\/\/cb.mouchet.be\/suarlee\/wp-content\/uploads\/sites\/4\/2025\/04\/Vivaldi-2-e1742550667759.png","width":767,"height":682},{"@type":"BreadcrumbList","@id":"https:\/\/cb.mouchet.be\/suarlee\/produit\/vivaldi\/#breadcrumb","itemListElement":[{"@type":"ListItem","position":1,"name":"Accueil","item":"https:\/\/cb.mouchet.be\/suarlee\/"},{"@type":"ListItem","position":2,"name":"VIVALDI"}]},{"@type":"WebSite","@id":"https:\/\/cb.mouchet.be\/suarlee\/#website","url":"https:\/\/cb.mouchet.be\/suarlee\/","name":"Carr\u00e9ment BON - Boutique de Suarl\u00e9e","description":"Du rond, du bon, du carr\u00e9ment BON","potentialAction":[{"@type":"SearchAction","target":{"@type":"EntryPoint","urlTemplate":"https:\/\/cb.mouchet.be\/suarlee\/?s={search_term_string}"},"query-input":{"@type":"PropertyValueSpecification","valueRequired":true,"valueName":"search_term_string"}}],"inLanguage":"fr-FR"}]}},"_links":{"self":[{"href":"https:\/\/cb.mouchet.be\/suarlee\/wp-json\/wp\/v2\/product\/751","targetHints":{"allow":["GET"]}}],"collection":[{"href":"https:\/\/cb.mouchet.be\/suarlee\/wp-json\/wp\/v2\/product"}],"about":[{"href":"https:\/\/cb.mouchet.be\/suarlee\/wp-json\/wp\/v2\/types\/product"}],"wp:featuredmedia":[{"embeddable":true,"href":"https:\/\/cb.mouchet.be\/suarlee\/wp-json\/wp\/v2\/media\/765"}],"wp:attachment":[{"href":"https:\/\/cb.mouchet.be\/suarlee\/wp-json\/wp\/v2\/media?parent=751"}],"wp:term":[{"taxonomy":"product_brand","embeddable":true,"href":"https:\/\/cb.mouchet.be\/suarlee\/wp-json\/wp\/v2\/product_brand?post=751"},{"taxonomy":"product_cat","embeddable":true,"href":"https:\/\/cb.mouchet.be\/suarlee\/wp-json\/wp\/v2\/product_cat?post=751"},{"taxonomy":"product_tag","embeddable":true,"href":"https:\/\/cb.mouchet.be\/suarlee\/wp-json\/wp\/v2\/product_tag?post=751"}],"curies":[{"name":"wp","href":"https:\/\/api.w.org\/{rel}","templated":true}]}}